{"id":143,"date":"2022-02-04T16:26:27","date_gmt":"2022-02-04T22:26:27","guid":{"rendered":"https:\/\/www.familyandkidsdentalpueblo.com\/?page_id=143"},"modified":"2024-05-10T15:01:47","modified_gmt":"2024-05-10T21:01:47","slug":"protectores-bucales-deportivos","status":"publish","type":"page","link":"https:\/\/www.familyandkidsdentalpueblo.com\/es\/services\/preventive-dental-care\/mouthguards\/","title":{"rendered":"Protectores bucales deportivos"},"content":{"rendered":"<h2>Protectores bucales deportivos en Pueblo, CO<\/h2>\n<p>Nos encantan nuestros pacientes deportistas y queremos ayudarte a proteger sus bocas, ortodoncias y piezas dentales de cualquier lesi\u00f3n que puedan sufrir mientras compiten. \u00a1Y eso es exactamente lo que hace un protector bucal deportivo! Todos los deportistas deber\u00edan disponer de un protector bucal para mantener a salvo su sonrisa.<\/p>\n<blockquote>\n<h5><em> <img loading=\"lazy\" decoding=\"async\" class=\"alignnone wp-image-3764\" src=\"https:\/\/www.familyandkidsdentalpueblo.com\/wp-content\/uploads\/2024\/08\/lightbulb.png\" alt=\"\" width=\"35\" height=\"35\" \/>\u00bfSAB\u00cdAS QU\u00c9? <\/em><\/h5>\n<p> Un deportista tiene 60 veces m\u00e1s probabilidades de lastimar sus dientes si no lleva un protector bucal.<\/em><\/p><\/blockquote>\n<h2>\u00bfD\u00f3nde puedo conseguir un protector bucal deportivo para ni\u00f1os?<\/h2>\n<p>Existen muchos tipos distintos de protectores bucales deportivos. Puedes elegir entre un protector bucal est\u00e1ndar o un \"boil-and-bite\" (hervir y morder), ambos disponibles en tiendas de art\u00edculos deportivos o en Internet. Tambi\u00e9n puedes optar por un protector bucal hecho a medida por el dentista de tus hijos.<\/p>\n<p>Existen muchos tipos distintos de protectores bucales deportivos. Puedes elegir entre un protector bucal est\u00e1ndar o un \"boil-and-bite\" (hervir y morder), ambos disponibles en tiendas de art\u00edculos deportivos o en Internet. Tambi\u00e9n puedes optar por un protector bucal hecho a medida por el dentista de tus hijos.<\/p>\n<p>Con los protectores bucales deportivos de tipo \u00abhervir y morder\u00bb (boil-and-bite), basta con seguir las instrucciones del producto para ajustarlo a la mordida de tu hijo. Se introduce el protector en agua hirviendo para ablandar el material y, a continuaci\u00f3n, el ni\u00f1o lo muerde para formar una impresi\u00f3n de sus dientes. Cuando el protector se enfr\u00ede, ya estar\u00e1 listo para su uso.<\/p>\n<p>Para preparar un protector bucal a medida, en primer lugar es necesario realizar una impresi\u00f3n dental. Una vez hecho esto, podemos fabricar un protector bucal que se ajustar\u00e1 con total precisi\u00f3n a los dientes y enc\u00edas de tu hijo. Podemos hacer protectores bucales deportivos con los colores favoritos del ni\u00f1o o con los del uniforme de su equipo.<\/p>\n<h2>Protectores bucales infantiles deportivos<\/h2>\n<p>Tal vez consideres que s\u00f3lo deben llevar protector bucal los ni\u00f1os que practican f\u00fatbol, hockey sobre hielo o hierba, f\u00fatbol americano, rugby u otros deportes de contacto directo. Aunque esto es cierto, los protectores bucales tambi\u00e9n protegen la boca, las mejillas, los labios y las enc\u00edas en otros deportes.<\/p>\n<p>La American Dental Association recomienda llevar tambi\u00e9n un protector bucal durante los entrenamientos y competiciones de los siguientes deportes:<\/p>\n<ul>\n<li>Acrobacia y gimnasia<\/li>\n<li>Baloncesto<\/li>\n<li>Balonmano<\/li>\n<li>Lacrosse<\/li>\n<li>Artes marciales<\/li>\n<li>Raquetbol<\/li>\n<li>Patinaje (Skateboarding)<\/li>\n<li>Esqu\u00ed<\/li>\n<li>Squash<\/li>\n<li>Surf<\/li>\n<li>Voleibol<\/li>\n<li>Waterpolo<\/li>\n<li>Halterofilia<\/li>\n<li>Lucha libre<\/li>\n<\/ul>\n<blockquote>\n<h5><em> <img loading=\"lazy\" decoding=\"async\" class=\"alignnone wp-image-3764\" src=\"https:\/\/www.familyandkidsdentalpueblo.com\/wp-content\/uploads\/2024\/08\/lightbulb.png\" alt=\"\" width=\"35\" height=\"35\" \/>\u00bfSAB\u00cdAS QU\u00c9? <\/em><\/h5>\n<p> El 62% de las lesiones deportivas se producen durante los entrenamientos y no durante los partidos.<\/em><\/p><\/blockquote>\n<h2>Cuidado y sustituci\u00f3n del protector bucal<\/h2>\n<p>La boca est\u00e1 llena de bacterias, por lo que un entorno h\u00famero y repleto de ellas puede provocar que en los protectores bucales se desarrollen un gran n\u00famero de g\u00e9rmenes, e incluso moho, si se guardan sin limpiar. Para mantener limpio, sano y sin olores el protector bucal de tu hijo, debes lavarlo con agua jabonosa, enjuagarlo, secarlo y guardarlo en el recipiente suministrado entre usos.<\/p>\n<p>Cuando el protector bucal deportivo ya no se ajuste bien o est\u00e9 da\u00f1ado, tendr\u00e1s que cambiarlo. A los atletas les gusta masticar los protectores bucales entre jugada y jugada, pero hacerlo puede da\u00f1ar el material. Al masticar se producen abolladuras, deformidades y bordes afilados que pueden ara\u00f1ar los tejidos bucales blandos y alterar el ajuste.<\/p>\n<h2>Protege la boca de tu hijo<\/h2>\n<p>Si tu peque\u00f1o, en edad escolar o adolescente, practica alg\u00fan deporte, necesita un protector bucal. Podemos ayudarte a decidir qu\u00e9 tipo de protector es el m\u00e1s adecuado para tu hijo. Si se produce una lesi\u00f3n dental u oral, ll\u00e1manos para concertar una cita de urgencia. Estamos a tu disposici\u00f3n. Ponte en contacto con nuestra cl\u00ednica dental infantil de Pueblo hoy mismo para programar una cita. <a href=\"\/es\/contacto\/\">contacto con nosotros<\/a> our children\u2019s dental office in Pueblo today to schedule an appointment.<\/p>","protected":false},"excerpt":{"rendered":"<p>Los deportes son actividades sanas, divertidas y emocionantes en las que muchos ni\u00f1os estadounidenses empiezan a practicar a una edad temprana, a veces a los tres o cuatro a\u00f1os.<\/p>","protected":false},"author":2,"featured_media":3555,"parent":3407,"menu_order":0,"comment_status":"closed","ping_status":"closed","template":"","meta":{"_et_pb_use_builder":"","_et_pb_old_content":"","_et_gb_content_width":"","_monsterinsights_skip_tracking":false,"_monsterinsights_sitenote_active":false,"_monsterinsights_sitenote_note":"","_monsterinsights_sitenote_category":0,"footnotes":""},"class_list":["post-143","page","type-page","status-publish","has-post-thumbnail","hentry"],"aioseo_notices":[],"aioseo_head":"\n\t\t<!-- All in One SEO Pro 4.9.5.2 - aioseo.com -->\n\t<meta name=\"description\" content=\"We love our sporty patients and want to help you protect their mouths and teeth from injury with a custom-fitted athletic mouthguard in Pueblo.\" \/>\n\t<meta name=\"robots\" content=\"max-image-preview:large\" \/>\n\t<link rel=\"canonical\" href=\"https:\/\/www.familyandkidsdentalpueblo.com\/es\/services\/preventive-dental-care\/mouthguards\/\" \/>\n\t<meta name=\"generator\" content=\"All in One SEO Pro (AIOSEO) 4.9.5.2\" \/>\n\t\t<meta property=\"og:locale\" content=\"es_MX\" \/>\n\t\t<meta property=\"og:site_name\" content=\"Kids Dental | Our dental office is devoted to serving our community and ensuring everyone has affordable access to dental care. We have several payment options available in addition to dental insurance, including Medicaid and CareCredit.\" \/>\n\t\t<meta property=\"og:type\" content=\"company\" \/>\n\t\t<meta property=\"og:title\" content=\"Mouthguards in Pueblo | Kids Dental\" \/>\n\t\t<meta property=\"og:description\" content=\"We love our sporty patients and want to help you protect their mouths and teeth from injury with a custom-fitted athletic mouthguard in Pueblo.\" \/>\n\t\t<meta property=\"og:url\" content=\"https:\/\/www.familyandkidsdentalpueblo.com\/es\/services\/preventive-dental-care\/mouthguards\/\" \/>\n\t\t<meta property=\"og:image\" content=\"https:\/\/www.familyandkidsdentalpueblo.com\/wp-content\/uploads\/2024\/05\/ChildrenPlayingSoccer.jpg\" \/>\n\t\t<meta property=\"og:image:secure_url\" content=\"https:\/\/www.familyandkidsdentalpueblo.com\/wp-content\/uploads\/2024\/05\/ChildrenPlayingSoccer.jpg\" \/>\n\t\t<meta property=\"og:image:width\" content=\"600\" \/>\n\t\t<meta property=\"og:image:height\" content=\"600\" \/>\n\t\t<meta name=\"twitter:card\" content=\"summary_large_image\" \/>\n\t\t<meta name=\"twitter:title\" content=\"Mouthguards in Pueblo | Kids Dental\" \/>\n\t\t<meta name=\"twitter:description\" content=\"We love our sporty patients and want to help you protect their mouths and teeth from injury with a custom-fitted athletic mouthguard in Pueblo.\" \/>\n\t\t<meta name=\"twitter:image\" content=\"https:\/\/www.familyandkidsdentalpueblo.com\/wp-content\/uploads\/2024\/08\/Pueblo-logo-3.webp\" \/>\n\t\t<script type=\"application\/ld+json\" class=\"aioseo-schema\">\n\t\t\t{\"@context\":\"https:\\\/\\\/schema.org\",\"@graph\":[{\"@type\":\"BreadcrumbList\",\"@id\":\"https:\\\/\\\/www.familyandkidsdentalpueblo.com\\\/es\\\/services\\\/preventive-dental-care\\\/mouthguards\\\/#breadcrumblist\",\"itemListElement\":[{\"@type\":\"ListItem\",\"@id\":\"https:\\\/\\\/www.familyandkidsdentalpueblo.com\\\/es#listItem\",\"position\":1,\"name\":\"Home\",\"item\":\"https:\\\/\\\/www.familyandkidsdentalpueblo.com\\\/es\",\"nextItem\":{\"@type\":\"ListItem\",\"@id\":\"https:\\\/\\\/www.familyandkidsdentalpueblo.com\\\/es\\\/services\\\/#listItem\",\"name\":\"Services\"}},{\"@type\":\"ListItem\",\"@id\":\"https:\\\/\\\/www.familyandkidsdentalpueblo.com\\\/es\\\/services\\\/#listItem\",\"position\":2,\"name\":\"Services\",\"item\":\"https:\\\/\\\/www.familyandkidsdentalpueblo.com\\\/es\\\/services\\\/\",\"nextItem\":{\"@type\":\"ListItem\",\"@id\":\"https:\\\/\\\/www.familyandkidsdentalpueblo.com\\\/es\\\/services\\\/preventive-dental-care\\\/#listItem\",\"name\":\"Preventive Dental Care\"},\"previousItem\":{\"@type\":\"ListItem\",\"@id\":\"https:\\\/\\\/www.familyandkidsdentalpueblo.com\\\/es#listItem\",\"name\":\"Home\"}},{\"@type\":\"ListItem\",\"@id\":\"https:\\\/\\\/www.familyandkidsdentalpueblo.com\\\/es\\\/services\\\/preventive-dental-care\\\/#listItem\",\"position\":3,\"name\":\"Preventive Dental Care\",\"item\":\"https:\\\/\\\/www.familyandkidsdentalpueblo.com\\\/es\\\/services\\\/preventive-dental-care\\\/\",\"nextItem\":{\"@type\":\"ListItem\",\"@id\":\"https:\\\/\\\/www.familyandkidsdentalpueblo.com\\\/es\\\/services\\\/preventive-dental-care\\\/mouthguards\\\/#listItem\",\"name\":\"Mouthguards\"},\"previousItem\":{\"@type\":\"ListItem\",\"@id\":\"https:\\\/\\\/www.familyandkidsdentalpueblo.com\\\/es\\\/services\\\/#listItem\",\"name\":\"Services\"}},{\"@type\":\"ListItem\",\"@id\":\"https:\\\/\\\/www.familyandkidsdentalpueblo.com\\\/es\\\/services\\\/preventive-dental-care\\\/mouthguards\\\/#listItem\",\"position\":4,\"name\":\"Mouthguards\",\"previousItem\":{\"@type\":\"ListItem\",\"@id\":\"https:\\\/\\\/www.familyandkidsdentalpueblo.com\\\/es\\\/services\\\/preventive-dental-care\\\/#listItem\",\"name\":\"Preventive Dental Care\"}}]},{\"@type\":\"Organization\",\"@id\":\"https:\\\/\\\/www.familyandkidsdentalpueblo.com\\\/es\\\/#organization\",\"name\":\"Kids Dental\",\"description\":\"Our dental office is devoted to serving our community and ensuring everyone has affordable access to dental care. We have several payment options available in addition to dental insurance, including Medicaid and CareCredit.\",\"url\":\"https:\\\/\\\/www.familyandkidsdentalpueblo.com\\\/es\\\/\",\"email\":\"Info@familyandkidsdentalpueblo.com\",\"telephone\":\"+17192048675\",\"logo\":{\"@type\":\"ImageObject\",\"url\":\"https:\\\/\\\/www.familyandkidsdentalpueblo.com\\\/wp-content\\\/uploads\\\/2024\\\/08\\\/Pueblo-logo-3.webp\",\"@id\":\"https:\\\/\\\/www.familyandkidsdentalpueblo.com\\\/es\\\/services\\\/preventive-dental-care\\\/mouthguards\\\/#organizationLogo\",\"width\":579,\"height\":579},\"image\":{\"@id\":\"https:\\\/\\\/www.familyandkidsdentalpueblo.com\\\/es\\\/services\\\/preventive-dental-care\\\/mouthguards\\\/#organizationLogo\"},\"sameAs\":[\"https:\\\/\\\/www.facebook.com\\\/familyandkidsdental\\\/\",\"https:\\\/\\\/www.yelp.com\\\/biz\\\/family-and-kids-dental-pueblo\"],\"address\":{\"@id\":\"https:\\\/\\\/www.familyandkidsdentalpueblo.com\\\/es\\\/#postaladdress\",\"@type\":\"PostalAddress\",\"streetAddress\":\"1022 Liberty Lane,\",\"postalCode\":\"81001\",\"addressLocality\":\"Pueblo\",\"addressRegion\":\"Colorado\",\"addressCountry\":\"US\"}},{\"@type\":\"WebPage\",\"@id\":\"https:\\\/\\\/www.familyandkidsdentalpueblo.com\\\/es\\\/services\\\/preventive-dental-care\\\/mouthguards\\\/#webpage\",\"url\":\"https:\\\/\\\/www.familyandkidsdentalpueblo.com\\\/es\\\/services\\\/preventive-dental-care\\\/mouthguards\\\/\",\"name\":\"Mouthguards in Pueblo | Kids Dental\",\"description\":\"We love our sporty patients and want to help you protect their mouths and teeth from injury with a custom-fitted athletic mouthguard in Pueblo.\",\"inLanguage\":\"es-MX\",\"isPartOf\":{\"@id\":\"https:\\\/\\\/www.familyandkidsdentalpueblo.com\\\/es\\\/#website\"},\"breadcrumb\":{\"@id\":\"https:\\\/\\\/www.familyandkidsdentalpueblo.com\\\/es\\\/services\\\/preventive-dental-care\\\/mouthguards\\\/#breadcrumblist\"},\"image\":{\"@type\":\"ImageObject\",\"url\":\"https:\\\/\\\/www.familyandkidsdentalpueblo.com\\\/wp-content\\\/uploads\\\/2024\\\/05\\\/ChildrenPlayingSoccer.jpg\",\"@id\":\"https:\\\/\\\/www.familyandkidsdentalpueblo.com\\\/es\\\/services\\\/preventive-dental-care\\\/mouthguards\\\/#mainImage\",\"width\":600,\"height\":600,\"caption\":\"Children playing soccer with their father.\"},\"primaryImageOfPage\":{\"@id\":\"https:\\\/\\\/www.familyandkidsdentalpueblo.com\\\/es\\\/services\\\/preventive-dental-care\\\/mouthguards\\\/#mainImage\"},\"datePublished\":\"2022-02-04T16:26:27-06:00\",\"dateModified\":\"2024-05-10T15:01:47-06:00\"},{\"@type\":\"WebSite\",\"@id\":\"https:\\\/\\\/www.familyandkidsdentalpueblo.com\\\/es\\\/#website\",\"url\":\"https:\\\/\\\/www.familyandkidsdentalpueblo.com\\\/es\\\/\",\"name\":\"Kids Dental\",\"alternateName\":\"Kids Dental\",\"description\":\"Our dental office is devoted to serving our community and ensuring everyone has affordable access to dental care. We have several payment options available in addition to dental insurance, including Medicaid and CareCredit.\",\"inLanguage\":\"es-MX\",\"publisher\":{\"@id\":\"https:\\\/\\\/www.familyandkidsdentalpueblo.com\\\/es\\\/#organization\"}}]}\n\t\t<\/script>\n\t\t<!-- All in One SEO Pro -->\r\n\t\t<title>Mouthguards in Pueblo | Kids Dental<\/title>\n\n","aioseo_head_json":{"title":"Protectores bucales deportivos en Pueblo | Kids Dental","description":"Nos encantan nuestros pacientes deportistas y queremos ayudarte a proteger su boca y dientes de lesiones con un protector bucal deportivo a medida.","canonical_url":"https:\/\/www.familyandkidsdentalpueblo.com\/es\/services\/preventive-dental-care\/mouthguards\/","robots":"max-image-preview:large","keywords":"","webmasterTools":{"miscellaneous":""},"schema":{"@context":"https:\/\/schema.org","@graph":[{"@type":"BreadcrumbList","@id":"https:\/\/www.familyandkidsdentalpueblo.com\/es\/services\/preventive-dental-care\/mouthguards\/#breadcrumblist","itemListElement":[{"@type":"ListItem","@id":"https:\/\/www.familyandkidsdentalpueblo.com\/es#listItem","position":1,"name":"Home","item":"https:\/\/www.familyandkidsdentalpueblo.com\/es","nextItem":{"@type":"ListItem","@id":"https:\/\/www.familyandkidsdentalpueblo.com\/es\/services\/#listItem","name":"Services"}},{"@type":"ListItem","@id":"https:\/\/www.familyandkidsdentalpueblo.com\/es\/services\/#listItem","position":2,"name":"Services","item":"https:\/\/www.familyandkidsdentalpueblo.com\/es\/services\/","nextItem":{"@type":"ListItem","@id":"https:\/\/www.familyandkidsdentalpueblo.com\/es\/services\/preventive-dental-care\/#listItem","name":"Preventive Dental Care"},"previousItem":{"@type":"ListItem","@id":"https:\/\/www.familyandkidsdentalpueblo.com\/es#listItem","name":"Home"}},{"@type":"ListItem","@id":"https:\/\/www.familyandkidsdentalpueblo.com\/es\/services\/preventive-dental-care\/#listItem","position":3,"name":"Preventive Dental Care","item":"https:\/\/www.familyandkidsdentalpueblo.com\/es\/services\/preventive-dental-care\/","nextItem":{"@type":"ListItem","@id":"https:\/\/www.familyandkidsdentalpueblo.com\/es\/services\/preventive-dental-care\/mouthguards\/#listItem","name":"Mouthguards"},"previousItem":{"@type":"ListItem","@id":"https:\/\/www.familyandkidsdentalpueblo.com\/es\/services\/#listItem","name":"Services"}},{"@type":"ListItem","@id":"https:\/\/www.familyandkidsdentalpueblo.com\/es\/services\/preventive-dental-care\/mouthguards\/#listItem","position":4,"name":"Mouthguards","previousItem":{"@type":"ListItem","@id":"https:\/\/www.familyandkidsdentalpueblo.com\/es\/services\/preventive-dental-care\/#listItem","name":"Preventive Dental Care"}}]},{"@type":"Organization","@id":"https:\/\/www.familyandkidsdentalpueblo.com\/es\/#organization","name":"Kids Dental","description":"Our dental office is devoted to serving our community and ensuring everyone has affordable access to dental care. We have several payment options available in addition to dental insurance, including Medicaid and CareCredit.","url":"https:\/\/www.familyandkidsdentalpueblo.com\/es\/","email":"Info@familyandkidsdentalpueblo.com","telephone":"+17192048675","logo":{"@type":"ImageObject","url":"https:\/\/www.familyandkidsdentalpueblo.com\/wp-content\/uploads\/2024\/08\/Pueblo-logo-3.webp","@id":"https:\/\/www.familyandkidsdentalpueblo.com\/es\/services\/preventive-dental-care\/mouthguards\/#organizationLogo","width":579,"height":579},"image":{"@id":"https:\/\/www.familyandkidsdentalpueblo.com\/es\/services\/preventive-dental-care\/mouthguards\/#organizationLogo"},"sameAs":["https:\/\/www.facebook.com\/familyandkidsdental\/","https:\/\/www.yelp.com\/biz\/family-and-kids-dental-pueblo"],"address":{"@id":"https:\/\/www.familyandkidsdentalpueblo.com\/es\/#postaladdress","@type":"PostalAddress","streetAddress":"1022 Liberty Lane,","postalCode":"81001","addressLocality":"Pueblo","addressRegion":"Colorado","addressCountry":"US"}},{"@type":"WebPage","@id":"https:\/\/www.familyandkidsdentalpueblo.com\/es\/services\/preventive-dental-care\/mouthguards\/#webpage","url":"https:\/\/www.familyandkidsdentalpueblo.com\/es\/services\/preventive-dental-care\/mouthguards\/","name":"Mouthguards in Pueblo | Kids Dental","description":"We love our sporty patients and want to help you protect their mouths and teeth from injury with a custom-fitted athletic mouthguard in Pueblo.","inLanguage":"es-MX","isPartOf":{"@id":"https:\/\/www.familyandkidsdentalpueblo.com\/es\/#website"},"breadcrumb":{"@id":"https:\/\/www.familyandkidsdentalpueblo.com\/es\/services\/preventive-dental-care\/mouthguards\/#breadcrumblist"},"image":{"@type":"ImageObject","url":"https:\/\/www.familyandkidsdentalpueblo.com\/wp-content\/uploads\/2024\/05\/ChildrenPlayingSoccer.jpg","@id":"https:\/\/www.familyandkidsdentalpueblo.com\/es\/services\/preventive-dental-care\/mouthguards\/#mainImage","width":600,"height":600,"caption":"Children playing soccer with their father."},"primaryImageOfPage":{"@id":"https:\/\/www.familyandkidsdentalpueblo.com\/es\/services\/preventive-dental-care\/mouthguards\/#mainImage"},"datePublished":"2022-02-04T16:26:27-06:00","dateModified":"2024-05-10T15:01:47-06:00"},{"@type":"WebSite","@id":"https:\/\/www.familyandkidsdentalpueblo.com\/es\/#website","url":"https:\/\/www.familyandkidsdentalpueblo.com\/es\/","name":"Kids Dental","alternateName":"Kids Dental","description":"Our dental office is devoted to serving our community and ensuring everyone has affordable access to dental care. We have several payment options available in addition to dental insurance, including Medicaid and CareCredit.","inLanguage":"es-MX","publisher":{"@id":"https:\/\/www.familyandkidsdentalpueblo.com\/es\/#organization"}}]},"og:locale":"es_MX","og:site_name":"Kids Dental | Our dental office is devoted to serving our community and ensuring everyone has affordable access to dental care. We have several payment options available in addition to dental insurance, including Medicaid and CareCredit.","og:type":"company","og:title":"Mouthguards in Pueblo | Kids Dental","og:description":"We love our sporty patients and want to help you protect their mouths and teeth from injury with a custom-fitted athletic mouthguard in Pueblo.","og:url":"https:\/\/www.familyandkidsdentalpueblo.com\/es\/services\/preventive-dental-care\/mouthguards\/","og:image":"https:\/\/www.familyandkidsdentalpueblo.com\/wp-content\/uploads\/2024\/05\/ChildrenPlayingSoccer.jpg","og:image:secure_url":"https:\/\/www.familyandkidsdentalpueblo.com\/wp-content\/uploads\/2024\/05\/ChildrenPlayingSoccer.jpg","og:image:width":600,"og:image:height":600,"twitter:card":"summary_large_image","twitter:title":"Mouthguards in Pueblo | Kids Dental","twitter:description":"We love our sporty patients and want to help you protect their mouths and teeth from injury with a custom-fitted athletic mouthguard in Pueblo.","twitter:image":"https:\/\/www.familyandkidsdentalpueblo.com\/wp-content\/uploads\/2024\/08\/Pueblo-logo-3.webp"},"aioseo_meta_data":{"post_id":"143","title":null,"description":null,"keywords":[],"keyphrases":{"focus":{"keyphrase":"Mouthguards","score":80,"analysis":{"keyphraseInTitle":{"score":9,"maxScore":9,"error":0},"keyphraseInDescription":{"score":3,"maxScore":9,"error":1},"keyphraseLength":{"score":9,"maxScore":9,"error":0,"length":1},"keyphraseInURL":{"score":5,"maxScore":5,"error":0},"keyphraseInIntroduction":{"score":3,"maxScore":9,"error":1},"keyphraseInSubHeadings":{"score":9,"maxScore":9,"error":0},"keyphraseInImageAlt":[],"keywordDensity":{"type":"best","score":9,"maxScore":9,"error":0}}},"additional":[]},"primary_term":null,"canonical_url":null,"og_title":null,"og_description":null,"og_object_type":"default","og_image_type":"default","og_image_url":null,"og_image_width":null,"og_image_height":null,"og_image_custom_url":null,"og_image_custom_fields":null,"og_video":"","og_custom_url":null,"og_article_section":null,"og_article_tags":[],"twitter_use_og":false,"twitter_card":"default","twitter_image_type":"default","twitter_image_url":null,"twitter_image_custom_url":null,"twitter_image_custom_fields":null,"twitter_title":null,"twitter_description":null,"schema":{"blockGraphs":[],"customGraphs":[],"default":{"data":{"Article":[],"Course":[],"Dataset":[],"FAQPage":[],"Movie":[],"Person":[],"Product":[],"ProductReview":[],"Car":[],"Recipe":[],"Service":[],"SoftwareApplication":[],"WebPage":{"id":"aioseo-web-page-63e5709bcc7dd","slug":"web-page","graphName":"WebPage","label":"Web Page","properties":{"type":"WebPage","name":"","description":""}}},"graphName":"WebPage","isEnabled":true},"graphs":[]},"schema_type":"default","schema_type_options":"{\"article\":{\"articleType\":\"BlogPosting\"},\"course\":{\"name\":\"\",\"description\":\"\",\"provider\":\"\"},\"faq\":{\"pages\":[]},\"product\":{\"reviews\":[]},\"recipe\":{\"ingredients\":[],\"instructions\":[],\"keywords\":[]},\"software\":{\"reviews\":[],\"operatingSystems\":[]},\"webPage\":{\"webPageType\":\"WebPage\"}}","pillar_content":false,"robots_default":true,"robots_noindex":false,"robots_noarchive":false,"robots_nosnippet":false,"robots_nofollow":false,"robots_noimageindex":false,"robots_noodp":false,"robots_notranslate":false,"robots_max_snippet":"-1","robots_max_videopreview":"-1","robots_max_imagepreview":"large","priority":null,"frequency":"default","local_seo":null,"seo_analyzer_scan_date":"2025-08-14 22:38:36","limit_modified_date":false,"open_ai":"{\"title\":{\"suggestions\":[],\"usage\":0},\"description\":{\"suggestions\":[],\"usage\":0}}","ai":null,"created":"2022-02-04 22:26:27","updated":"2025-10-21 20:25:48"},"aioseo_breadcrumb":"<div class=\"aioseo-breadcrumbs\"><span class=\"aioseo-breadcrumb\">\n\t<a href=\"https:\/\/www.familyandkidsdentalpueblo.com\/es\" title=\"Home\">Home<\/a>\n<\/span><span class=\"aioseo-breadcrumb-separator\">&raquo;<\/span><span class=\"aioseo-breadcrumb\">\n\t<a href=\"https:\/\/www.familyandkidsdentalpueblo.com\/es\/services\/\" title=\"Services\">Services<\/a>\n<\/span><span class=\"aioseo-breadcrumb-separator\">&raquo;<\/span><span class=\"aioseo-breadcrumb\">\n\t<a href=\"https:\/\/www.familyandkidsdentalpueblo.com\/es\/services\/preventive-dental-care\/\" title=\"Preventive Dental Care\">Preventive Dental Care<\/a>\n<\/span><span class=\"aioseo-breadcrumb-separator\">&raquo;<\/span><span class=\"aioseo-breadcrumb\">\n\tMouthguards\n<\/span><\/div>","aioseo_breadcrumb_json":[{"label":"Home","link":"https:\/\/www.familyandkidsdentalpueblo.com\/es"},{"label":"Services","link":"https:\/\/www.familyandkidsdentalpueblo.com\/es\/services\/"},{"label":"Preventive Dental Care","link":"https:\/\/www.familyandkidsdentalpueblo.com\/es\/services\/preventive-dental-care\/"},{"label":"Mouthguards","link":"https:\/\/www.familyandkidsdentalpueblo.com\/es\/services\/preventive-dental-care\/mouthguards\/"}],"_links":{"self":[{"href":"https:\/\/www.familyandkidsdentalpueblo.com\/es\/wp-json\/wp\/v2\/pages\/143","targetHints":{"allow":["GET"]}}],"collection":[{"href":"https:\/\/www.familyandkidsdentalpueblo.com\/es\/wp-json\/wp\/v2\/pages"}],"about":[{"href":"https:\/\/www.familyandkidsdentalpueblo.com\/es\/wp-json\/wp\/v2\/types\/page"}],"author":[{"embeddable":true,"href":"https:\/\/www.familyandkidsdentalpueblo.com\/es\/wp-json\/wp\/v2\/users\/2"}],"replies":[{"embeddable":true,"href":"https:\/\/www.familyandkidsdentalpueblo.com\/es\/wp-json\/wp\/v2\/comments?post=143"}],"version-history":[{"count":0,"href":"https:\/\/www.familyandkidsdentalpueblo.com\/es\/wp-json\/wp\/v2\/pages\/143\/revisions"}],"up":[{"embeddable":true,"href":"https:\/\/www.familyandkidsdentalpueblo.com\/es\/wp-json\/wp\/v2\/pages\/3407"}],"wp:featuredmedia":[{"embeddable":true,"href":"https:\/\/www.familyandkidsdentalpueblo.com\/es\/wp-json\/wp\/v2\/media\/3555"}],"wp:attachment":[{"href":"https:\/\/www.familyandkidsdentalpueblo.com\/es\/wp-json\/wp\/v2\/media?parent=143"}],"curies":[{"name":"wp","href":"https:\/\/api.w.org\/{rel}","templated":true}]}}