{"id":3458,"date":"2024-04-15T11:19:24","date_gmt":"2024-04-15T17:19:24","guid":{"rendered":"https:\/\/www.familyandkidsdentalpueblo.com\/?page_id=3458"},"modified":"2024-05-17T10:11:14","modified_gmt":"2024-05-17T16:11:14","slug":"frenectomias","status":"publish","type":"page","link":"https:\/\/www.familyandkidsdentalpueblo.com\/es\/services\/infant-toddler-dentistry\/frenectomies\/","title":{"rendered":"Frenectom\u00edas"},"content":{"rendered":"<h2>Frenectom\u00edas (anquiloglosia o frenillo labial) en Pueblo, CO<\/h2>\n<p>\u00bfTu hijo tiene anquiloglosia o frenillo labial? Un procedimiento de 15 minutos en la consulta puede corregir la condici\u00f3n. Llamamos a estos procedimientos frenectom\u00edas, y son muy comunes. Los padres ni pueden notarlo. La dificultad para prenderse al amamantar es a menudo la primera se\u00f1al de un problema.<\/p>\n<blockquote>\n<h5><em> <img loading=\"lazy\" decoding=\"async\" class=\"alignnone wp-image-3764\" src=\"https:\/\/www.familyandkidsdentalpueblo.com\/wp-content\/uploads\/2024\/08\/lightbulb.png\" alt=\"\" width=\"35\" height=\"35\" \/>\u00bfSAB\u00cdAS QU\u00c9? <\/em><\/h5>\n<p> Algunas personas requieren una frenectom\u00eda como parte de su tratamiento ortod\u00f3ntico. Es una manera de reposicionar la lengua para acomodar la mand\u00edbula que crece y se desplaza. Para otros, la frenectom\u00eda elimina un espacio entre sus dientes frontales. Tu ortodoncista puede sugerir una frenectom\u00eda despu\u00e9s de los brackets para asegurar que los dientes y la mand\u00edbula mantengan una alineaci\u00f3n adecuada.<\/em><\/p><\/blockquote>\n<h2>\u00bfQu\u00e9 son las frenectom\u00edas?<\/h2>\n<p>Dentro de la boca, las bandas de tejido que conectan la lengua con la parte inferior de la boca y el interior de los labios con las enc\u00edas se llaman frenillos. Los ni\u00f1os con anquiloglosia a menudo requieren una frenectom\u00eda lingual, y aquellos con frenillo labial necesitan una frenectom\u00eda labial. Algunos m\u00e9dicos se refieren a la frenectom\u00eda como frenotom\u00eda; los t\u00e9rminos son sin\u00f3nimos. La frenectom\u00eda es un procedimiento com\u00fan realizado en la comodidad y familiaridad de nuestro consultorio dental.<\/p>\n<h2>S\u00edntomas aliviados por las frenectom\u00edas<\/h2>\n<p>Los peque\u00f1os con anquiloglosia pueden tener problemas para amamantar, hablar claramente y respirar efectivamente. A medida que los ni\u00f1os crecen, una anquiloglosia puede interferir con el desarrollo de la mand\u00edbula.<\/p>\n<blockquote>\n<h5><em> <img loading=\"lazy\" decoding=\"async\" class=\"alignnone wp-image-3764\" src=\"https:\/\/www.familyandkidsdentalpueblo.com\/wp-content\/uploads\/2024\/08\/lightbulb.png\" alt=\"\" width=\"35\" height=\"35\" \/>\u00bfSAB\u00cdAS QU\u00c9? <\/em><\/h5>\n<p> Un frenillo labial puede causar problemas con la lactancia y podr\u00eda llevar a problemas ortod\u00f3nticos en el futuro. <\/em><\/p><\/blockquote>\n<p>Una frenectom\u00eda simple y corta abordar\u00e1 los siguientes problemas en beb\u00e9s y ni\u00f1os:<\/p>\n<ul>\n<li>Engancharse a un biber\u00f3n o al pecho<\/li>\n<li>Dificultad para abrir la boca ampliamente<\/li>\n<li>Punta de la lengua con forma de coraz\u00f3n<\/li>\n<li>Exceso de gases<\/li>\n<li>Paladar estrecho (maxilar superior)<\/li>\n<li>Mand\u00edbula prominente (mand\u00edbula inferior)<\/li>\n<li>Problemas de alimentaci\u00f3n y digesti\u00f3n<\/li>\n<\/ul>\n<h2>Preparaci\u00f3n para las frenectom\u00edas<\/h2>\n<p>Entendemos y respetamos que para ti y tu hijo, este procedimiento ser\u00e1 una experiencia completamente nueva. Sabemos c\u00f3mo apoyar a ambos antes, durante y despu\u00e9s de una frenectom\u00eda. Si tienes alguna pregunta o preocupaci\u00f3n, pregunta a cualquiera de nuestro equipo. Siempre nos complace hacer todo lo posible para ayudar a nuestros pacientes y padres a sentirse bien cuidados e informados por completo.<\/p>\n<p>Los ni\u00f1os peque\u00f1os y los ni\u00f1os programados para frenectom\u00edas necesitan tu ayuda para prepararse mental y emocionalmente para el procedimiento. Hablar positivamente, palabras de \u00e1nimo y visitas previas a nuestro consultorio ayudar\u00e1n a reducir cualquier miedo o ansiedad. Al permanecer con tu hijo durante la visita, puedes ofrecerle seguridad, comodidad y esa actitud de \"\u00a1t\u00fa puedes hacerlo!\" que tu peque\u00f1o necesita. Planea traer un juguete favorito, un peluche o un dispositivo electr\u00f3nico para distraer y entretener a tu hijo.<\/p>\n<h2>Cuidado posterior a la frenectom\u00eda<\/h2>\n<p>Por favor, sigue las instrucciones postquir\u00fargicas que proporcionamos y asiste a las visitas de seguimiento programadas.<\/p>\n<p>Despu\u00e9s de las frenectom\u00edas, los beb\u00e9s pueden sentir solo una leve incomodidad, generalmente expresada por irritabilidad. Si es necesario, el dentista puede aconsejarte sobre qu\u00e9 analg\u00e9sico de venta libre utilizar para aliviar cualquier molestia.<\/p>\n<p>Despu\u00e9s del procedimiento corto, el cuello y\/o el pecho de tu hijo pueden verse rojos. Esta es una reacci\u00f3n normal a la anestesia, y desaparecer\u00e1. Asimismo, espera algo de hinchaz\u00f3n en los tejidos alrededor del sitio quir\u00fargico. Tragar tambi\u00e9n puede ser un poco inc\u00f3modo justo despu\u00e9s de una frenectom\u00eda. La hidrataci\u00f3n ayuda, as\u00ed que dale agua a tu peque\u00f1o. Tambi\u00e9n puedes frotar agua en sus labios. Las suturas se disolver\u00e1n por s\u00ed solas; nuestro personal no necesitar\u00e1 quitarlas.<\/p>\n<h2>Frenectom\u00edas en Pueblo<\/h2>\n<p>Nuestro equipo de expertos dentales profesionales y experimentados te guiar\u00e1 a trav\u00e9s del procedimiento y explicar\u00e1 cada aspecto de las frenectom\u00edas, para que sepas qu\u00e9 esperar. Si tienes preguntas o inquietudes, o si deseas programar una visita para que el dentista eval\u00fae a tu hijo, <a href=\"\/es\/contacto\/\">\u00a1contacta nuestro consultorio hoy<\/a>!<\/p>","protected":false},"excerpt":{"rendered":"<p>Si tu hijo est\u00e1 experimentando anquiloglosia o frenillo labial, nuestro dentista infantil puede recomendar un procedimiento llamado frenectom\u00eda para corregir esta condici\u00f3n.<\/p>","protected":false},"author":2,"featured_media":3547,"parent":3402,"menu_order":0,"comment_status":"closed","ping_status":"closed","template":"","meta":{"_et_pb_use_builder":"","_et_pb_old_content":"","_et_gb_content_width":"","_monsterinsights_skip_tracking":false,"_monsterinsights_sitenote_active":false,"_monsterinsights_sitenote_note":"","_monsterinsights_sitenote_category":0,"footnotes":""},"class_list":["post-3458","page","type-page","status-publish","has-post-thumbnail","hentry"],"aioseo_notices":[],"aioseo_head":"\n\t\t<!-- All in One SEO Pro 4.9.6.2 - aioseo.com -->\n\t<meta name=\"description\" content=\"Does your child have a lip tie or tongue tie? A 15-minute in-office procedure can correct this condition. Frenectomies are very common.\" \/>\n\t<meta name=\"robots\" content=\"max-image-preview:large\" \/>\n\t<link rel=\"canonical\" href=\"https:\/\/www.familyandkidsdentalpueblo.com\/es\/services\/infant-toddler-dentistry\/frenectomies\/\" \/>\n\t<meta name=\"generator\" content=\"All in One SEO Pro (AIOSEO) 4.9.6.2\" \/>\n\t\t<meta property=\"og:locale\" content=\"es_MX\" \/>\n\t\t<meta property=\"og:site_name\" content=\"Kids Dental | Our dental office is devoted to serving our community and ensuring everyone has affordable access to dental care. We have several payment options available in addition to dental insurance, including Medicaid and CareCredit.\" \/>\n\t\t<meta property=\"og:type\" content=\"company\" \/>\n\t\t<meta property=\"og:title\" content=\"Frenectomies in Pueblo | Kids Dental\" \/>\n\t\t<meta property=\"og:description\" content=\"Does your child have a lip tie or tongue tie? A 15-minute in-office procedure can correct this condition. Frenectomies are very common.\" \/>\n\t\t<meta property=\"og:url\" content=\"https:\/\/www.familyandkidsdentalpueblo.com\/es\/services\/infant-toddler-dentistry\/frenectomies\/\" \/>\n\t\t<meta property=\"og:image\" content=\"https:\/\/www.familyandkidsdentalpueblo.com\/wp-content\/uploads\/2024\/05\/Childwalkingwithparents.jpg\" \/>\n\t\t<meta property=\"og:image:secure_url\" content=\"https:\/\/www.familyandkidsdentalpueblo.com\/wp-content\/uploads\/2024\/05\/Childwalkingwithparents.jpg\" \/>\n\t\t<meta property=\"og:image:width\" content=\"600\" \/>\n\t\t<meta property=\"og:image:height\" content=\"600\" \/>\n\t\t<meta name=\"twitter:card\" content=\"summary_large_image\" \/>\n\t\t<meta name=\"twitter:title\" content=\"Frenectomies in Pueblo | Kids Dental\" \/>\n\t\t<meta name=\"twitter:description\" content=\"Does your child have a lip tie or tongue tie? A 15-minute in-office procedure can correct this condition. Frenectomies are very common.\" \/>\n\t\t<meta name=\"twitter:image\" content=\"https:\/\/www.familyandkidsdentalpueblo.com\/wp-content\/uploads\/2024\/08\/Pueblo-logo-3.webp\" \/>\n\t\t<script type=\"application\/ld+json\" class=\"aioseo-schema\">\n\t\t\t{\"@context\":\"https:\\\/\\\/schema.org\",\"@graph\":[{\"@type\":\"BreadcrumbList\",\"@id\":\"https:\\\/\\\/www.familyandkidsdentalpueblo.com\\\/es\\\/services\\\/infant-toddler-dentistry\\\/frenectomies\\\/#breadcrumblist\",\"itemListElement\":[{\"@type\":\"ListItem\",\"@id\":\"https:\\\/\\\/www.familyandkidsdentalpueblo.com\\\/es#listItem\",\"position\":1,\"name\":\"Home\",\"item\":\"https:\\\/\\\/www.familyandkidsdentalpueblo.com\\\/es\",\"nextItem\":{\"@type\":\"ListItem\",\"@id\":\"https:\\\/\\\/www.familyandkidsdentalpueblo.com\\\/es\\\/services\\\/#listItem\",\"name\":\"Services\"}},{\"@type\":\"ListItem\",\"@id\":\"https:\\\/\\\/www.familyandkidsdentalpueblo.com\\\/es\\\/services\\\/#listItem\",\"position\":2,\"name\":\"Services\",\"item\":\"https:\\\/\\\/www.familyandkidsdentalpueblo.com\\\/es\\\/services\\\/\",\"nextItem\":{\"@type\":\"ListItem\",\"@id\":\"https:\\\/\\\/www.familyandkidsdentalpueblo.com\\\/es\\\/services\\\/infant-toddler-dentistry\\\/#listItem\",\"name\":\"Infant &#038; Toddler Dentistry\"},\"previousItem\":{\"@type\":\"ListItem\",\"@id\":\"https:\\\/\\\/www.familyandkidsdentalpueblo.com\\\/es#listItem\",\"name\":\"Home\"}},{\"@type\":\"ListItem\",\"@id\":\"https:\\\/\\\/www.familyandkidsdentalpueblo.com\\\/es\\\/services\\\/infant-toddler-dentistry\\\/#listItem\",\"position\":3,\"name\":\"Infant &#038; Toddler Dentistry\",\"item\":\"https:\\\/\\\/www.familyandkidsdentalpueblo.com\\\/es\\\/services\\\/infant-toddler-dentistry\\\/\",\"nextItem\":{\"@type\":\"ListItem\",\"@id\":\"https:\\\/\\\/www.familyandkidsdentalpueblo.com\\\/es\\\/services\\\/infant-toddler-dentistry\\\/frenectomies\\\/#listItem\",\"name\":\"Frenectomies\"},\"previousItem\":{\"@type\":\"ListItem\",\"@id\":\"https:\\\/\\\/www.familyandkidsdentalpueblo.com\\\/es\\\/services\\\/#listItem\",\"name\":\"Services\"}},{\"@type\":\"ListItem\",\"@id\":\"https:\\\/\\\/www.familyandkidsdentalpueblo.com\\\/es\\\/services\\\/infant-toddler-dentistry\\\/frenectomies\\\/#listItem\",\"position\":4,\"name\":\"Frenectomies\",\"previousItem\":{\"@type\":\"ListItem\",\"@id\":\"https:\\\/\\\/www.familyandkidsdentalpueblo.com\\\/es\\\/services\\\/infant-toddler-dentistry\\\/#listItem\",\"name\":\"Infant &#038; Toddler Dentistry\"}}]},{\"@type\":\"Organization\",\"@id\":\"https:\\\/\\\/www.familyandkidsdentalpueblo.com\\\/es\\\/#organization\",\"name\":\"Kids Dental\",\"description\":\"Our dental office is devoted to serving our community and ensuring everyone has affordable access to dental care. We have several payment options available in addition to dental insurance, including Medicaid and CareCredit.\",\"url\":\"https:\\\/\\\/www.familyandkidsdentalpueblo.com\\\/es\\\/\",\"email\":\"Info@familyandkidsdentalpueblo.com\",\"telephone\":\"+17192048675\",\"logo\":{\"@type\":\"ImageObject\",\"url\":\"https:\\\/\\\/www.familyandkidsdentalpueblo.com\\\/wp-content\\\/uploads\\\/2024\\\/08\\\/Pueblo-logo-3.webp\",\"@id\":\"https:\\\/\\\/www.familyandkidsdentalpueblo.com\\\/es\\\/services\\\/infant-toddler-dentistry\\\/frenectomies\\\/#organizationLogo\",\"width\":579,\"height\":579},\"image\":{\"@id\":\"https:\\\/\\\/www.familyandkidsdentalpueblo.com\\\/es\\\/services\\\/infant-toddler-dentistry\\\/frenectomies\\\/#organizationLogo\"},\"sameAs\":[\"https:\\\/\\\/www.facebook.com\\\/familyandkidsdental\\\/\",\"https:\\\/\\\/www.yelp.com\\\/biz\\\/family-and-kids-dental-pueblo\"],\"address\":{\"@id\":\"https:\\\/\\\/www.familyandkidsdentalpueblo.com\\\/es\\\/#postaladdress\",\"@type\":\"PostalAddress\",\"streetAddress\":\"1022 Liberty Lane,\",\"postalCode\":\"81001\",\"addressLocality\":\"Pueblo\",\"addressRegion\":\"Colorado\",\"addressCountry\":\"US\"}},{\"@type\":\"WebPage\",\"@id\":\"https:\\\/\\\/www.familyandkidsdentalpueblo.com\\\/es\\\/services\\\/infant-toddler-dentistry\\\/frenectomies\\\/#webpage\",\"url\":\"https:\\\/\\\/www.familyandkidsdentalpueblo.com\\\/es\\\/services\\\/infant-toddler-dentistry\\\/frenectomies\\\/\",\"name\":\"Frenectomies in Pueblo | Kids Dental\",\"description\":\"Does your child have a lip tie or tongue tie? A 15-minute in-office procedure can correct this condition. Frenectomies are very common.\",\"inLanguage\":\"es-MX\",\"isPartOf\":{\"@id\":\"https:\\\/\\\/www.familyandkidsdentalpueblo.com\\\/es\\\/#website\"},\"breadcrumb\":{\"@id\":\"https:\\\/\\\/www.familyandkidsdentalpueblo.com\\\/es\\\/services\\\/infant-toddler-dentistry\\\/frenectomies\\\/#breadcrumblist\"},\"image\":{\"@type\":\"ImageObject\",\"url\":\"https:\\\/\\\/www.familyandkidsdentalpueblo.com\\\/wp-content\\\/uploads\\\/2024\\\/05\\\/Childwalkingwithparents.jpg\",\"@id\":\"https:\\\/\\\/www.familyandkidsdentalpueblo.com\\\/es\\\/services\\\/infant-toddler-dentistry\\\/frenectomies\\\/#mainImage\",\"width\":600,\"height\":600,\"caption\":\"Toddler walking with parents outside\"},\"primaryImageOfPage\":{\"@id\":\"https:\\\/\\\/www.familyandkidsdentalpueblo.com\\\/es\\\/services\\\/infant-toddler-dentistry\\\/frenectomies\\\/#mainImage\"},\"datePublished\":\"2024-04-15T11:19:24-06:00\",\"dateModified\":\"2024-05-17T10:11:14-06:00\"},{\"@type\":\"WebSite\",\"@id\":\"https:\\\/\\\/www.familyandkidsdentalpueblo.com\\\/es\\\/#website\",\"url\":\"https:\\\/\\\/www.familyandkidsdentalpueblo.com\\\/es\\\/\",\"name\":\"Kids Dental\",\"alternateName\":\"Kids Dental\",\"description\":\"Our dental office is devoted to serving our community and ensuring everyone has affordable access to dental care. We have several payment options available in addition to dental insurance, including Medicaid and CareCredit.\",\"inLanguage\":\"es-MX\",\"publisher\":{\"@id\":\"https:\\\/\\\/www.familyandkidsdentalpueblo.com\\\/es\\\/#organization\"}}]}\n\t\t<\/script>\n\t\t<!-- All in One SEO Pro -->\r\n\t\t<title>Frenectomies in Pueblo | Kids Dental<\/title>\n\n","aioseo_head_json":{"title":"Frenectom\u00edas (anquiloglosia o frenillo labial) en Pueblo | Kids Dental","description":"\u00bfTu hijo tiene anquiloglosia o frenillo labial? Un procedimiento en la consulta de 15 minutos puede corregir esta condici\u00f3n. Las frenectom\u00edas son muy comunes.","canonical_url":"https:\/\/www.familyandkidsdentalpueblo.com\/es\/services\/infant-toddler-dentistry\/frenectomies\/","robots":"max-image-preview:large","keywords":"","webmasterTools":{"miscellaneous":""},"schema":{"@context":"https:\/\/schema.org","@graph":[{"@type":"BreadcrumbList","@id":"https:\/\/www.familyandkidsdentalpueblo.com\/es\/services\/infant-toddler-dentistry\/frenectomies\/#breadcrumblist","itemListElement":[{"@type":"ListItem","@id":"https:\/\/www.familyandkidsdentalpueblo.com\/es#listItem","position":1,"name":"Home","item":"https:\/\/www.familyandkidsdentalpueblo.com\/es","nextItem":{"@type":"ListItem","@id":"https:\/\/www.familyandkidsdentalpueblo.com\/es\/services\/#listItem","name":"Services"}},{"@type":"ListItem","@id":"https:\/\/www.familyandkidsdentalpueblo.com\/es\/services\/#listItem","position":2,"name":"Services","item":"https:\/\/www.familyandkidsdentalpueblo.com\/es\/services\/","nextItem":{"@type":"ListItem","@id":"https:\/\/www.familyandkidsdentalpueblo.com\/es\/services\/infant-toddler-dentistry\/#listItem","name":"Infant &#038; Toddler Dentistry"},"previousItem":{"@type":"ListItem","@id":"https:\/\/www.familyandkidsdentalpueblo.com\/es#listItem","name":"Home"}},{"@type":"ListItem","@id":"https:\/\/www.familyandkidsdentalpueblo.com\/es\/services\/infant-toddler-dentistry\/#listItem","position":3,"name":"Infant &#038; Toddler Dentistry","item":"https:\/\/www.familyandkidsdentalpueblo.com\/es\/services\/infant-toddler-dentistry\/","nextItem":{"@type":"ListItem","@id":"https:\/\/www.familyandkidsdentalpueblo.com\/es\/services\/infant-toddler-dentistry\/frenectomies\/#listItem","name":"Frenectomies"},"previousItem":{"@type":"ListItem","@id":"https:\/\/www.familyandkidsdentalpueblo.com\/es\/services\/#listItem","name":"Services"}},{"@type":"ListItem","@id":"https:\/\/www.familyandkidsdentalpueblo.com\/es\/services\/infant-toddler-dentistry\/frenectomies\/#listItem","position":4,"name":"Frenectomies","previousItem":{"@type":"ListItem","@id":"https:\/\/www.familyandkidsdentalpueblo.com\/es\/services\/infant-toddler-dentistry\/#listItem","name":"Infant &#038; Toddler Dentistry"}}]},{"@type":"Organization","@id":"https:\/\/www.familyandkidsdentalpueblo.com\/es\/#organization","name":"Kids Dental","description":"Our dental office is devoted to serving our community and ensuring everyone has affordable access to dental care. We have several payment options available in addition to dental insurance, including Medicaid and CareCredit.","url":"https:\/\/www.familyandkidsdentalpueblo.com\/es\/","email":"Info@familyandkidsdentalpueblo.com","telephone":"+17192048675","logo":{"@type":"ImageObject","url":"https:\/\/www.familyandkidsdentalpueblo.com\/wp-content\/uploads\/2024\/08\/Pueblo-logo-3.webp","@id":"https:\/\/www.familyandkidsdentalpueblo.com\/es\/services\/infant-toddler-dentistry\/frenectomies\/#organizationLogo","width":579,"height":579},"image":{"@id":"https:\/\/www.familyandkidsdentalpueblo.com\/es\/services\/infant-toddler-dentistry\/frenectomies\/#organizationLogo"},"sameAs":["https:\/\/www.facebook.com\/familyandkidsdental\/","https:\/\/www.yelp.com\/biz\/family-and-kids-dental-pueblo"],"address":{"@id":"https:\/\/www.familyandkidsdentalpueblo.com\/es\/#postaladdress","@type":"PostalAddress","streetAddress":"1022 Liberty Lane,","postalCode":"81001","addressLocality":"Pueblo","addressRegion":"Colorado","addressCountry":"US"}},{"@type":"WebPage","@id":"https:\/\/www.familyandkidsdentalpueblo.com\/es\/services\/infant-toddler-dentistry\/frenectomies\/#webpage","url":"https:\/\/www.familyandkidsdentalpueblo.com\/es\/services\/infant-toddler-dentistry\/frenectomies\/","name":"Frenectomies in Pueblo | Kids Dental","description":"Does your child have a lip tie or tongue tie? A 15-minute in-office procedure can correct this condition. Frenectomies are very common.","inLanguage":"es-MX","isPartOf":{"@id":"https:\/\/www.familyandkidsdentalpueblo.com\/es\/#website"},"breadcrumb":{"@id":"https:\/\/www.familyandkidsdentalpueblo.com\/es\/services\/infant-toddler-dentistry\/frenectomies\/#breadcrumblist"},"image":{"@type":"ImageObject","url":"https:\/\/www.familyandkidsdentalpueblo.com\/wp-content\/uploads\/2024\/05\/Childwalkingwithparents.jpg","@id":"https:\/\/www.familyandkidsdentalpueblo.com\/es\/services\/infant-toddler-dentistry\/frenectomies\/#mainImage","width":600,"height":600,"caption":"Toddler walking with parents outside"},"primaryImageOfPage":{"@id":"https:\/\/www.familyandkidsdentalpueblo.com\/es\/services\/infant-toddler-dentistry\/frenectomies\/#mainImage"},"datePublished":"2024-04-15T11:19:24-06:00","dateModified":"2024-05-17T10:11:14-06:00"},{"@type":"WebSite","@id":"https:\/\/www.familyandkidsdentalpueblo.com\/es\/#website","url":"https:\/\/www.familyandkidsdentalpueblo.com\/es\/","name":"Kids Dental","alternateName":"Kids Dental","description":"Our dental office is devoted to serving our community and ensuring everyone has affordable access to dental care. We have several payment options available in addition to dental insurance, including Medicaid and CareCredit.","inLanguage":"es-MX","publisher":{"@id":"https:\/\/www.familyandkidsdentalpueblo.com\/es\/#organization"}}]},"og:locale":"es_MX","og:site_name":"Kids Dental | Our dental office is devoted to serving our community and ensuring everyone has affordable access to dental care. We have several payment options available in addition to dental insurance, including Medicaid and CareCredit.","og:type":"company","og:title":"Frenectomies in Pueblo | Kids Dental","og:description":"Does your child have a lip tie or tongue tie? A 15-minute in-office procedure can correct this condition. Frenectomies are very common.","og:url":"https:\/\/www.familyandkidsdentalpueblo.com\/es\/services\/infant-toddler-dentistry\/frenectomies\/","og:image":"https:\/\/www.familyandkidsdentalpueblo.com\/wp-content\/uploads\/2024\/05\/Childwalkingwithparents.jpg","og:image:secure_url":"https:\/\/www.familyandkidsdentalpueblo.com\/wp-content\/uploads\/2024\/05\/Childwalkingwithparents.jpg","og:image:width":600,"og:image:height":600,"twitter:card":"summary_large_image","twitter:title":"Frenectomies in Pueblo | Kids Dental","twitter:description":"Does your child have a lip tie or tongue tie? A 15-minute in-office procedure can correct this condition. Frenectomies are very common.","twitter:image":"https:\/\/www.familyandkidsdentalpueblo.com\/wp-content\/uploads\/2024\/08\/Pueblo-logo-3.webp"},"aioseo_meta_data":{"post_id":"3458","title":null,"description":null,"keywords":null,"keyphrases":{"focus":{"keyphrase":"","score":0,"analysis":{"keyphraseInTitle":{"score":0,"maxScore":9,"error":1}}},"additional":[]},"primary_term":null,"canonical_url":null,"og_title":null,"og_description":null,"og_object_type":"default","og_image_type":"default","og_image_url":null,"og_image_width":null,"og_image_height":null,"og_image_custom_url":null,"og_image_custom_fields":null,"og_video":"","og_custom_url":null,"og_article_section":null,"og_article_tags":null,"twitter_use_og":false,"twitter_card":"default","twitter_image_type":"default","twitter_image_url":null,"twitter_image_custom_url":null,"twitter_image_custom_fields":null,"twitter_title":null,"twitter_description":null,"schema":{"blockGraphs":[],"customGraphs":[],"default":{"data":{"Article":[],"Course":[],"Dataset":[],"FAQPage":[],"Movie":[],"Person":[],"Product":[],"ProductReview":[],"Car":[],"Recipe":[],"Service":[],"SoftwareApplication":[],"WebPage":[]},"graphName":"WebPage","isEnabled":true},"graphs":[]},"schema_type":"default","schema_type_options":null,"pillar_content":false,"robots_default":true,"robots_noindex":false,"robots_noarchive":false,"robots_nosnippet":false,"robots_nofollow":false,"robots_noimageindex":false,"robots_noodp":false,"robots_notranslate":false,"robots_max_snippet":"-1","robots_max_videopreview":"-1","robots_max_imagepreview":"large","priority":null,"frequency":"default","local_seo":null,"seo_analyzer_scan_date":"2025-08-14 22:33:38","limit_modified_date":false,"open_ai":"{\"title\":{\"suggestions\":[],\"usage\":0},\"description\":{\"suggestions\":[],\"usage\":0}}","ai":null,"created":"2024-04-15 17:19:24","updated":"2025-10-21 20:25:48"},"aioseo_breadcrumb":"<div class=\"aioseo-breadcrumbs\"><span class=\"aioseo-breadcrumb\">\n\t<a href=\"https:\/\/www.familyandkidsdentalpueblo.com\/es\" title=\"Home\">Home<\/a>\n<\/span><span class=\"aioseo-breadcrumb-separator\">&raquo;<\/span><span class=\"aioseo-breadcrumb\">\n\t<a href=\"https:\/\/www.familyandkidsdentalpueblo.com\/es\/services\/\" title=\"Services\">Services<\/a>\n<\/span><span class=\"aioseo-breadcrumb-separator\">&raquo;<\/span><span class=\"aioseo-breadcrumb\">\n\t<a href=\"https:\/\/www.familyandkidsdentalpueblo.com\/es\/services\/infant-toddler-dentistry\/\" title=\"Infant &amp; Toddler Dentistry\">Infant &amp; Toddler Dentistry<\/a>\n<\/span><span class=\"aioseo-breadcrumb-separator\">&raquo;<\/span><span class=\"aioseo-breadcrumb\">\n\tFrenectomies\n<\/span><\/div>","aioseo_breadcrumb_json":[{"label":"Home","link":"https:\/\/www.familyandkidsdentalpueblo.com\/es"},{"label":"Services","link":"https:\/\/www.familyandkidsdentalpueblo.com\/es\/services\/"},{"label":"Infant &#038; Toddler Dentistry","link":"https:\/\/www.familyandkidsdentalpueblo.com\/es\/services\/infant-toddler-dentistry\/"},{"label":"Frenectomies","link":"https:\/\/www.familyandkidsdentalpueblo.com\/es\/services\/infant-toddler-dentistry\/frenectomies\/"}],"_links":{"self":[{"href":"https:\/\/www.familyandkidsdentalpueblo.com\/es\/wp-json\/wp\/v2\/pages\/3458","targetHints":{"allow":["GET"]}}],"collection":[{"href":"https:\/\/www.familyandkidsdentalpueblo.com\/es\/wp-json\/wp\/v2\/pages"}],"about":[{"href":"https:\/\/www.familyandkidsdentalpueblo.com\/es\/wp-json\/wp\/v2\/types\/page"}],"author":[{"embeddable":true,"href":"https:\/\/www.familyandkidsdentalpueblo.com\/es\/wp-json\/wp\/v2\/users\/2"}],"replies":[{"embeddable":true,"href":"https:\/\/www.familyandkidsdentalpueblo.com\/es\/wp-json\/wp\/v2\/comments?post=3458"}],"version-history":[{"count":0,"href":"https:\/\/www.familyandkidsdentalpueblo.com\/es\/wp-json\/wp\/v2\/pages\/3458\/revisions"}],"up":[{"embeddable":true,"href":"https:\/\/www.familyandkidsdentalpueblo.com\/es\/wp-json\/wp\/v2\/pages\/3402"}],"wp:featuredmedia":[{"embeddable":true,"href":"https:\/\/www.familyandkidsdentalpueblo.com\/es\/wp-json\/wp\/v2\/media\/3547"}],"wp:attachment":[{"href":"https:\/\/www.familyandkidsdentalpueblo.com\/es\/wp-json\/wp\/v2\/media?parent=3458"}],"curies":[{"name":"wp","href":"https:\/\/api.w.org\/{rel}","templated":true}]}}