{"id":3482,"date":"2024-04-15T12:28:40","date_gmt":"2024-04-15T18:28:40","guid":{"rendered":"https:\/\/www.familyandkidsdentalpueblo.com\/?page_id=3482"},"modified":"2025-01-15T12:19:09","modified_gmt":"2025-01-15T18:19:09","slug":"consulta-gratuita-de-ortodoncia","status":"publish","type":"page","link":"https:\/\/www.familyandkidsdentalpueblo.com\/es\/services\/orthodontics\/free-orthodontic-consultation\/","title":{"rendered":"Consulta gratuita de ortodoncia"},"content":{"rendered":"<h2>Consulta gratuita de ortodoncia en Pueblo, CO<\/h2>\n<p>Si tienes alguna pregunta o consulta sobre un posible tratamiento de ortodoncia para tu hijo, solicita hoy mismo una consulta de ortodoncia gratuita en Kids Dental. Te explicamos en qu\u00e9 consiste esta consulta gratuita para ti y tu hijo.<\/p>\n<blockquote>\n<h5><em> <img loading=\"lazy\" decoding=\"async\" class=\"alignnone wp-image-3764\" src=\"https:\/\/www.familyandkidsdentalpueblo.com\/wp-content\/uploads\/2024\/08\/lightbulb.png\" alt=\"\" width=\"35\" height=\"35\" \/>\u00bfSAB\u00cdAS QU\u00c9? <\/em><\/h5>\n<p> Kids should have an orthodontic consultation between ages 7-10. At this age, we perform a growth and development assessment to determine whether a child needs treatment and plan the best course of action.<\/em><\/p><\/blockquote>\n<h2>En qu\u00e9 consiste una consulta de ortodoncia<\/h2>\n<p>Si bien cada consulta de ortodoncia es \u00fanica, hay elementos comunes a todas ellas. Durante la consulta:<\/p>\n<ul>\n<li>Realizamos<a href=\"\/es\/servicios\/cuidado-dental-preventivo\/radiografias-digitales\/\"><strong> radiograf\u00edas panor\u00e1micas<\/strong><\/a> que muestran todos los dientes y sus ra\u00edces en una sola imagen. Esto nos ayuda a desarrollar un plan de tratamiento eficaz y personalizado para mejorar la sonrisa de tu hijo.<\/li>\n<li>Realizamos <strong>Fotografiamos <\/strong>la boca de tu hijo para que cuando termine el tratamiento puedas ver los cambios y las mejoras que ha experimentado (\u00a1es muy emocionante!).<\/li>\n<li><strong>Revisamos el historial dental y m\u00e9dico de tu hijo<\/strong>. Necesitamos conocer cualquier problema de salud f\u00edsica o mental que pueda afectar al buen desarrollo del tratamiento. Por favor, adjunta tambi\u00e9n una lista de los medicamentos que toma actualmente tu hijo, incluidas vitaminas y suplementos.<\/li>\n<li>Realizamos un <strong>examen bucal completo<\/strong>para detectar si existe alg\u00fan problema dental o de salud bucodental que deba tratarse antes de someterse al tratamiento de ortodoncia.<\/li>\n<li><strong>Te explicamos nuestros hallazgos<\/strong> a ti y a tu hijo y te <strong>presentamos las opciones de tratamiento.<\/strong>.<\/li>\n<li><strong>Respondemos a cualquier pregunta<\/strong> que te surja sobre las opciones de tratamiento ortod\u00f3ncico.<\/li>\n<li><strong>Elaboramos un plan de tratamiento personalizado<\/strong> para tu hijo, a partir de las radiograf\u00edas, los resultados de la exploraci\u00f3n y tus preferencias.<\/li>\n<\/ul>\n<h2>Tipos de tratamientos de ortodoncia en Pueblo<\/h2>\n<p>Seg\u00fan la alineaci\u00f3n dental y mandibular, as\u00ed como el tama\u00f1o y la forma de la mand\u00edbula de tu hijo, es posible que necesite una o varias de las siguientes terapias de ortodoncia:<\/p>\n<ul>\n<li><a href=\"\/es\/servicios\/ortodoncia\/correctores-dentales-clasicos\/\">Brackets met\u00e1licos tradicionales<\/a><\/li>\n<li>Tratamiento por fases<\/li>\n<li>Brackets transparentes<\/li>\n<li>Otros <a href=\"\/es\/servicios\/ortodoncia\/aparatos-de-ortodoncia\/\">aparatos de ortodoncia<\/a>, un aparato para la cabeza, un expansor palatino o una placa de mordida.<\/li>\n<\/ul>\n<h2>Responsabilidades en un tratamiento de ortodoncia<\/h2>\n<p>Un tratamiento de ortodoncia infantil requiere que tres partes cumplan con su cometido. Nuestra consulta dirigir\u00e1, supervisar\u00e1 y aplicar\u00e1 el tratamiento. Tu hijo tendr\u00e1 que seguir todas las instrucciones del consultorio, incluido el cepillado regular y eficaz despu\u00e9s de cada comida, y las restricciones diet\u00e9ticas.<\/p>\n<p>Para los padres, depende de vosotros animar a vuestro hijo a diario y traerlo a todas las revisiones de ajuste. \u00a1Haremos todo lo posible para ayudarte y apoyarte a lo largo de la terapia de ortodoncia!<\/p>\n<h2>\u00a1Nuestra Kidsperience \u00fanica y maravillosa!<\/h2>\n<p>Cuando traigas a tu hijo a su consulta gratuita de ortodoncia en Pueblo, procuraremos que la experiencia sea estupenda tanto para \u00e9l como para ti. \u00a1Reserva hoy mismo tu consulta!<\/p>","protected":false},"excerpt":{"rendered":"<p>\u00bfTu hijo necesita una ortodoncia? El equipo de Kids Dental te ofrece consultas gratuitas para tratamientos de ortodoncia. Si tu hijo puede beneficiarse del uso de un corrector dental, nuestros ortodoncistas expertos te informar\u00e1n de todas las opciones de tratamiento.<\/p>","protected":false},"author":2,"featured_media":3638,"parent":3300,"menu_order":0,"comment_status":"closed","ping_status":"closed","template":"","meta":{"_et_pb_use_builder":"","_et_pb_old_content":"","_et_gb_content_width":"","_monsterinsights_skip_tracking":false,"_monsterinsights_sitenote_active":false,"_monsterinsights_sitenote_note":"","_monsterinsights_sitenote_category":0,"footnotes":""},"class_list":["post-3482","page","type-page","status-publish","has-post-thumbnail","hentry"],"aioseo_notices":[],"aioseo_head":"\n\t\t<!-- All in One SEO Pro 4.9.6.2 - aioseo.com -->\n\t<meta name=\"description\" content=\"Kids Dental offers free orthodontic consultations in Pueblo. Schedule your child\u2019s orthodontic appointment today!\" \/>\n\t<meta name=\"robots\" content=\"max-image-preview:large\" \/>\n\t<link rel=\"canonical\" href=\"https:\/\/www.familyandkidsdentalpueblo.com\/es\/services\/orthodontics\/free-orthodontic-consultation\/\" \/>\n\t<meta name=\"generator\" content=\"All in One SEO Pro (AIOSEO) 4.9.6.2\" \/>\n\t\t<meta property=\"og:locale\" content=\"es_MX\" \/>\n\t\t<meta property=\"og:site_name\" content=\"Kids Dental | Our dental office is devoted to serving our community and ensuring everyone has affordable access to dental care. We have several payment options available in addition to dental insurance, including Medicaid and CareCredit.\" \/>\n\t\t<meta property=\"og:type\" content=\"company\" \/>\n\t\t<meta property=\"og:title\" content=\"Free Orthodontic Consultation in Pueblo | Kids Dental\" \/>\n\t\t<meta property=\"og:description\" content=\"Kids Dental offers free orthodontic consultations in Pueblo. Schedule your child\u2019s orthodontic appointment today!\" \/>\n\t\t<meta property=\"og:url\" content=\"https:\/\/www.familyandkidsdentalpueblo.com\/es\/services\/orthodontics\/free-orthodontic-consultation\/\" \/>\n\t\t<meta property=\"og:image\" content=\"https:\/\/www.familyandkidsdentalpueblo.com\/wp-content\/uploads\/2024\/05\/Orthodontic-Consultation.jpg\" \/>\n\t\t<meta property=\"og:image:secure_url\" content=\"https:\/\/www.familyandkidsdentalpueblo.com\/wp-content\/uploads\/2024\/05\/Orthodontic-Consultation.jpg\" \/>\n\t\t<meta property=\"og:image:width\" content=\"600\" \/>\n\t\t<meta property=\"og:image:height\" content=\"600\" \/>\n\t\t<meta name=\"twitter:card\" content=\"summary_large_image\" \/>\n\t\t<meta name=\"twitter:title\" content=\"Free Orthodontic Consultation in Pueblo | Kids Dental\" \/>\n\t\t<meta name=\"twitter:description\" content=\"Kids Dental offers free orthodontic consultations in Pueblo. Schedule your child\u2019s orthodontic appointment today!\" \/>\n\t\t<meta name=\"twitter:image\" content=\"https:\/\/www.familyandkidsdentalpueblo.com\/wp-content\/uploads\/2024\/08\/Pueblo-logo-3.webp\" \/>\n\t\t<script type=\"application\/ld+json\" class=\"aioseo-schema\">\n\t\t\t{\"@context\":\"https:\\\/\\\/schema.org\",\"@graph\":[{\"@type\":\"BreadcrumbList\",\"@id\":\"https:\\\/\\\/www.familyandkidsdentalpueblo.com\\\/es\\\/services\\\/orthodontics\\\/free-orthodontic-consultation\\\/#breadcrumblist\",\"itemListElement\":[{\"@type\":\"ListItem\",\"@id\":\"https:\\\/\\\/www.familyandkidsdentalpueblo.com\\\/es#listItem\",\"position\":1,\"name\":\"Home\",\"item\":\"https:\\\/\\\/www.familyandkidsdentalpueblo.com\\\/es\",\"nextItem\":{\"@type\":\"ListItem\",\"@id\":\"https:\\\/\\\/www.familyandkidsdentalpueblo.com\\\/es\\\/services\\\/#listItem\",\"name\":\"Services\"}},{\"@type\":\"ListItem\",\"@id\":\"https:\\\/\\\/www.familyandkidsdentalpueblo.com\\\/es\\\/services\\\/#listItem\",\"position\":2,\"name\":\"Services\",\"item\":\"https:\\\/\\\/www.familyandkidsdentalpueblo.com\\\/es\\\/services\\\/\",\"nextItem\":{\"@type\":\"ListItem\",\"@id\":\"https:\\\/\\\/www.familyandkidsdentalpueblo.com\\\/es\\\/services\\\/orthodontics\\\/#listItem\",\"name\":\"Orthodontics\"},\"previousItem\":{\"@type\":\"ListItem\",\"@id\":\"https:\\\/\\\/www.familyandkidsdentalpueblo.com\\\/es#listItem\",\"name\":\"Home\"}},{\"@type\":\"ListItem\",\"@id\":\"https:\\\/\\\/www.familyandkidsdentalpueblo.com\\\/es\\\/services\\\/orthodontics\\\/#listItem\",\"position\":3,\"name\":\"Orthodontics\",\"item\":\"https:\\\/\\\/www.familyandkidsdentalpueblo.com\\\/es\\\/services\\\/orthodontics\\\/\",\"nextItem\":{\"@type\":\"ListItem\",\"@id\":\"https:\\\/\\\/www.familyandkidsdentalpueblo.com\\\/es\\\/services\\\/orthodontics\\\/free-orthodontic-consultation\\\/#listItem\",\"name\":\"Free Orthodontic Consultation\"},\"previousItem\":{\"@type\":\"ListItem\",\"@id\":\"https:\\\/\\\/www.familyandkidsdentalpueblo.com\\\/es\\\/services\\\/#listItem\",\"name\":\"Services\"}},{\"@type\":\"ListItem\",\"@id\":\"https:\\\/\\\/www.familyandkidsdentalpueblo.com\\\/es\\\/services\\\/orthodontics\\\/free-orthodontic-consultation\\\/#listItem\",\"position\":4,\"name\":\"Free Orthodontic Consultation\",\"previousItem\":{\"@type\":\"ListItem\",\"@id\":\"https:\\\/\\\/www.familyandkidsdentalpueblo.com\\\/es\\\/services\\\/orthodontics\\\/#listItem\",\"name\":\"Orthodontics\"}}]},{\"@type\":\"Organization\",\"@id\":\"https:\\\/\\\/www.familyandkidsdentalpueblo.com\\\/es\\\/#organization\",\"name\":\"Kids Dental\",\"description\":\"Our dental office is devoted to serving our community and ensuring everyone has affordable access to dental care. We have several payment options available in addition to dental insurance, including Medicaid and CareCredit.\",\"url\":\"https:\\\/\\\/www.familyandkidsdentalpueblo.com\\\/es\\\/\",\"email\":\"Info@familyandkidsdentalpueblo.com\",\"telephone\":\"+17192048675\",\"logo\":{\"@type\":\"ImageObject\",\"url\":\"https:\\\/\\\/www.familyandkidsdentalpueblo.com\\\/wp-content\\\/uploads\\\/2024\\\/08\\\/Pueblo-logo-3.webp\",\"@id\":\"https:\\\/\\\/www.familyandkidsdentalpueblo.com\\\/es\\\/services\\\/orthodontics\\\/free-orthodontic-consultation\\\/#organizationLogo\",\"width\":579,\"height\":579},\"image\":{\"@id\":\"https:\\\/\\\/www.familyandkidsdentalpueblo.com\\\/es\\\/services\\\/orthodontics\\\/free-orthodontic-consultation\\\/#organizationLogo\"},\"sameAs\":[\"https:\\\/\\\/www.facebook.com\\\/familyandkidsdental\\\/\",\"https:\\\/\\\/www.yelp.com\\\/biz\\\/family-and-kids-dental-pueblo\"],\"address\":{\"@id\":\"https:\\\/\\\/www.familyandkidsdentalpueblo.com\\\/es\\\/#postaladdress\",\"@type\":\"PostalAddress\",\"streetAddress\":\"1022 Liberty Lane,\",\"postalCode\":\"81001\",\"addressLocality\":\"Pueblo\",\"addressRegion\":\"Colorado\",\"addressCountry\":\"US\"}},{\"@type\":\"WebPage\",\"@id\":\"https:\\\/\\\/www.familyandkidsdentalpueblo.com\\\/es\\\/services\\\/orthodontics\\\/free-orthodontic-consultation\\\/#webpage\",\"url\":\"https:\\\/\\\/www.familyandkidsdentalpueblo.com\\\/es\\\/services\\\/orthodontics\\\/free-orthodontic-consultation\\\/\",\"name\":\"Free Orthodontic Consultation in Pueblo | Kids Dental\",\"description\":\"Kids Dental offers free orthodontic consultations in Pueblo. Schedule your child\\u2019s orthodontic appointment today!\",\"inLanguage\":\"es-MX\",\"isPartOf\":{\"@id\":\"https:\\\/\\\/www.familyandkidsdentalpueblo.com\\\/es\\\/#website\"},\"breadcrumb\":{\"@id\":\"https:\\\/\\\/www.familyandkidsdentalpueblo.com\\\/es\\\/services\\\/orthodontics\\\/free-orthodontic-consultation\\\/#breadcrumblist\"},\"image\":{\"@type\":\"ImageObject\",\"url\":\"https:\\\/\\\/www.familyandkidsdentalpueblo.com\\\/wp-content\\\/uploads\\\/2024\\\/05\\\/Orthodontic-Consultation.jpg\",\"@id\":\"https:\\\/\\\/www.familyandkidsdentalpueblo.com\\\/es\\\/services\\\/orthodontics\\\/free-orthodontic-consultation\\\/#mainImage\",\"width\":600,\"height\":600,\"caption\":\"Child receiving a free orthodontic consultation\"},\"primaryImageOfPage\":{\"@id\":\"https:\\\/\\\/www.familyandkidsdentalpueblo.com\\\/es\\\/services\\\/orthodontics\\\/free-orthodontic-consultation\\\/#mainImage\"},\"datePublished\":\"2024-04-15T12:28:40-06:00\",\"dateModified\":\"2025-01-15T12:19:09-06:00\"},{\"@type\":\"WebSite\",\"@id\":\"https:\\\/\\\/www.familyandkidsdentalpueblo.com\\\/es\\\/#website\",\"url\":\"https:\\\/\\\/www.familyandkidsdentalpueblo.com\\\/es\\\/\",\"name\":\"Kids Dental\",\"alternateName\":\"Kids Dental\",\"description\":\"Our dental office is devoted to serving our community and ensuring everyone has affordable access to dental care. We have several payment options available in addition to dental insurance, including Medicaid and CareCredit.\",\"inLanguage\":\"es-MX\",\"publisher\":{\"@id\":\"https:\\\/\\\/www.familyandkidsdentalpueblo.com\\\/es\\\/#organization\"}}]}\n\t\t<\/script>\n\t\t<!-- All in One SEO Pro -->\r\n\t\t<title>Free Orthodontic Consultation in Pueblo | Kids Dental<\/title>\n\n","aioseo_head_json":{"title":"Consulta gratuita de ortodoncia en Pueblo | Kids Dental","description":"Kids Dental ofrece consultas gratuitas de ortodoncia en Pueblo. \u00a1Solicita hoy mismo una cita para la ortodoncia de tu hijo!","canonical_url":"https:\/\/www.familyandkidsdentalpueblo.com\/es\/services\/orthodontics\/free-orthodontic-consultation\/","robots":"max-image-preview:large","keywords":"","webmasterTools":{"miscellaneous":""},"schema":{"@context":"https:\/\/schema.org","@graph":[{"@type":"BreadcrumbList","@id":"https:\/\/www.familyandkidsdentalpueblo.com\/es\/services\/orthodontics\/free-orthodontic-consultation\/#breadcrumblist","itemListElement":[{"@type":"ListItem","@id":"https:\/\/www.familyandkidsdentalpueblo.com\/es#listItem","position":1,"name":"Home","item":"https:\/\/www.familyandkidsdentalpueblo.com\/es","nextItem":{"@type":"ListItem","@id":"https:\/\/www.familyandkidsdentalpueblo.com\/es\/services\/#listItem","name":"Services"}},{"@type":"ListItem","@id":"https:\/\/www.familyandkidsdentalpueblo.com\/es\/services\/#listItem","position":2,"name":"Services","item":"https:\/\/www.familyandkidsdentalpueblo.com\/es\/services\/","nextItem":{"@type":"ListItem","@id":"https:\/\/www.familyandkidsdentalpueblo.com\/es\/services\/orthodontics\/#listItem","name":"Orthodontics"},"previousItem":{"@type":"ListItem","@id":"https:\/\/www.familyandkidsdentalpueblo.com\/es#listItem","name":"Home"}},{"@type":"ListItem","@id":"https:\/\/www.familyandkidsdentalpueblo.com\/es\/services\/orthodontics\/#listItem","position":3,"name":"Orthodontics","item":"https:\/\/www.familyandkidsdentalpueblo.com\/es\/services\/orthodontics\/","nextItem":{"@type":"ListItem","@id":"https:\/\/www.familyandkidsdentalpueblo.com\/es\/services\/orthodontics\/free-orthodontic-consultation\/#listItem","name":"Free Orthodontic Consultation"},"previousItem":{"@type":"ListItem","@id":"https:\/\/www.familyandkidsdentalpueblo.com\/es\/services\/#listItem","name":"Services"}},{"@type":"ListItem","@id":"https:\/\/www.familyandkidsdentalpueblo.com\/es\/services\/orthodontics\/free-orthodontic-consultation\/#listItem","position":4,"name":"Free Orthodontic Consultation","previousItem":{"@type":"ListItem","@id":"https:\/\/www.familyandkidsdentalpueblo.com\/es\/services\/orthodontics\/#listItem","name":"Orthodontics"}}]},{"@type":"Organization","@id":"https:\/\/www.familyandkidsdentalpueblo.com\/es\/#organization","name":"Kids Dental","description":"Our dental office is devoted to serving our community and ensuring everyone has affordable access to dental care. We have several payment options available in addition to dental insurance, including Medicaid and CareCredit.","url":"https:\/\/www.familyandkidsdentalpueblo.com\/es\/","email":"Info@familyandkidsdentalpueblo.com","telephone":"+17192048675","logo":{"@type":"ImageObject","url":"https:\/\/www.familyandkidsdentalpueblo.com\/wp-content\/uploads\/2024\/08\/Pueblo-logo-3.webp","@id":"https:\/\/www.familyandkidsdentalpueblo.com\/es\/services\/orthodontics\/free-orthodontic-consultation\/#organizationLogo","width":579,"height":579},"image":{"@id":"https:\/\/www.familyandkidsdentalpueblo.com\/es\/services\/orthodontics\/free-orthodontic-consultation\/#organizationLogo"},"sameAs":["https:\/\/www.facebook.com\/familyandkidsdental\/","https:\/\/www.yelp.com\/biz\/family-and-kids-dental-pueblo"],"address":{"@id":"https:\/\/www.familyandkidsdentalpueblo.com\/es\/#postaladdress","@type":"PostalAddress","streetAddress":"1022 Liberty Lane,","postalCode":"81001","addressLocality":"Pueblo","addressRegion":"Colorado","addressCountry":"US"}},{"@type":"WebPage","@id":"https:\/\/www.familyandkidsdentalpueblo.com\/es\/services\/orthodontics\/free-orthodontic-consultation\/#webpage","url":"https:\/\/www.familyandkidsdentalpueblo.com\/es\/services\/orthodontics\/free-orthodontic-consultation\/","name":"Free Orthodontic Consultation in Pueblo | Kids Dental","description":"Kids Dental offers free orthodontic consultations in Pueblo. Schedule your child\u2019s orthodontic appointment today!","inLanguage":"es-MX","isPartOf":{"@id":"https:\/\/www.familyandkidsdentalpueblo.com\/es\/#website"},"breadcrumb":{"@id":"https:\/\/www.familyandkidsdentalpueblo.com\/es\/services\/orthodontics\/free-orthodontic-consultation\/#breadcrumblist"},"image":{"@type":"ImageObject","url":"https:\/\/www.familyandkidsdentalpueblo.com\/wp-content\/uploads\/2024\/05\/Orthodontic-Consultation.jpg","@id":"https:\/\/www.familyandkidsdentalpueblo.com\/es\/services\/orthodontics\/free-orthodontic-consultation\/#mainImage","width":600,"height":600,"caption":"Child receiving a free orthodontic consultation"},"primaryImageOfPage":{"@id":"https:\/\/www.familyandkidsdentalpueblo.com\/es\/services\/orthodontics\/free-orthodontic-consultation\/#mainImage"},"datePublished":"2024-04-15T12:28:40-06:00","dateModified":"2025-01-15T12:19:09-06:00"},{"@type":"WebSite","@id":"https:\/\/www.familyandkidsdentalpueblo.com\/es\/#website","url":"https:\/\/www.familyandkidsdentalpueblo.com\/es\/","name":"Kids Dental","alternateName":"Kids Dental","description":"Our dental office is devoted to serving our community and ensuring everyone has affordable access to dental care. We have several payment options available in addition to dental insurance, including Medicaid and CareCredit.","inLanguage":"es-MX","publisher":{"@id":"https:\/\/www.familyandkidsdentalpueblo.com\/es\/#organization"}}]},"og:locale":"es_MX","og:site_name":"Kids Dental | Our dental office is devoted to serving our community and ensuring everyone has affordable access to dental care. We have several payment options available in addition to dental insurance, including Medicaid and CareCredit.","og:type":"company","og:title":"Free Orthodontic Consultation in Pueblo | Kids Dental","og:description":"Kids Dental offers free orthodontic consultations in Pueblo. Schedule your child\u2019s orthodontic appointment today!","og:url":"https:\/\/www.familyandkidsdentalpueblo.com\/es\/services\/orthodontics\/free-orthodontic-consultation\/","og:image":"https:\/\/www.familyandkidsdentalpueblo.com\/wp-content\/uploads\/2024\/05\/Orthodontic-Consultation.jpg","og:image:secure_url":"https:\/\/www.familyandkidsdentalpueblo.com\/wp-content\/uploads\/2024\/05\/Orthodontic-Consultation.jpg","og:image:width":600,"og:image:height":600,"twitter:card":"summary_large_image","twitter:title":"Free Orthodontic Consultation in Pueblo | Kids Dental","twitter:description":"Kids Dental offers free orthodontic consultations in Pueblo. Schedule your child\u2019s orthodontic appointment today!","twitter:image":"https:\/\/www.familyandkidsdentalpueblo.com\/wp-content\/uploads\/2024\/08\/Pueblo-logo-3.webp"},"aioseo_meta_data":{"post_id":"3482","title":null,"description":null,"keywords":null,"keyphrases":{"focus":{"keyphrase":"","score":0,"analysis":{"keyphraseInTitle":{"score":0,"maxScore":9,"error":1}}},"additional":[]},"primary_term":null,"canonical_url":null,"og_title":null,"og_description":null,"og_object_type":"default","og_image_type":"default","og_image_url":null,"og_image_width":null,"og_image_height":null,"og_image_custom_url":null,"og_image_custom_fields":null,"og_video":"","og_custom_url":null,"og_article_section":null,"og_article_tags":null,"twitter_use_og":false,"twitter_card":"default","twitter_image_type":"default","twitter_image_url":null,"twitter_image_custom_url":null,"twitter_image_custom_fields":null,"twitter_title":null,"twitter_description":null,"schema":{"blockGraphs":[],"customGraphs":[],"default":{"data":{"Article":[],"Course":[],"Dataset":[],"FAQPage":[],"Movie":[],"Person":[],"Product":[],"ProductReview":[],"Car":[],"Recipe":[],"Service":[],"SoftwareApplication":[],"WebPage":[]},"graphName":"WebPage","isEnabled":true},"graphs":[]},"schema_type":"default","schema_type_options":null,"pillar_content":false,"robots_default":true,"robots_noindex":false,"robots_noarchive":false,"robots_nosnippet":false,"robots_nofollow":false,"robots_noimageindex":false,"robots_noodp":false,"robots_notranslate":false,"robots_max_snippet":"-1","robots_max_videopreview":"-1","robots_max_imagepreview":"large","priority":null,"frequency":"default","local_seo":null,"seo_analyzer_scan_date":"2025-08-14 22:29:44","limit_modified_date":false,"open_ai":"{\"title\":{\"suggestions\":[],\"usage\":0},\"description\":{\"suggestions\":[],\"usage\":0}}","ai":null,"created":"2024-04-15 18:28:41","updated":"2025-10-21 20:25:48"},"aioseo_breadcrumb":"<div class=\"aioseo-breadcrumbs\"><span class=\"aioseo-breadcrumb\">\n\t<a href=\"https:\/\/www.familyandkidsdentalpueblo.com\/es\" title=\"Home\">Home<\/a>\n<\/span><span class=\"aioseo-breadcrumb-separator\">&raquo;<\/span><span class=\"aioseo-breadcrumb\">\n\t<a href=\"https:\/\/www.familyandkidsdentalpueblo.com\/es\/services\/\" title=\"Services\">Services<\/a>\n<\/span><span class=\"aioseo-breadcrumb-separator\">&raquo;<\/span><span class=\"aioseo-breadcrumb\">\n\t<a href=\"https:\/\/www.familyandkidsdentalpueblo.com\/es\/services\/orthodontics\/\" title=\"Orthodontics\">Orthodontics<\/a>\n<\/span><span class=\"aioseo-breadcrumb-separator\">&raquo;<\/span><span class=\"aioseo-breadcrumb\">\n\tFree Orthodontic Consultation\n<\/span><\/div>","aioseo_breadcrumb_json":[{"label":"Home","link":"https:\/\/www.familyandkidsdentalpueblo.com\/es"},{"label":"Services","link":"https:\/\/www.familyandkidsdentalpueblo.com\/es\/services\/"},{"label":"Orthodontics","link":"https:\/\/www.familyandkidsdentalpueblo.com\/es\/services\/orthodontics\/"},{"label":"Free Orthodontic Consultation","link":"https:\/\/www.familyandkidsdentalpueblo.com\/es\/services\/orthodontics\/free-orthodontic-consultation\/"}],"_links":{"self":[{"href":"https:\/\/www.familyandkidsdentalpueblo.com\/es\/wp-json\/wp\/v2\/pages\/3482","targetHints":{"allow":["GET"]}}],"collection":[{"href":"https:\/\/www.familyandkidsdentalpueblo.com\/es\/wp-json\/wp\/v2\/pages"}],"about":[{"href":"https:\/\/www.familyandkidsdentalpueblo.com\/es\/wp-json\/wp\/v2\/types\/page"}],"author":[{"embeddable":true,"href":"https:\/\/www.familyandkidsdentalpueblo.com\/es\/wp-json\/wp\/v2\/users\/2"}],"replies":[{"embeddable":true,"href":"https:\/\/www.familyandkidsdentalpueblo.com\/es\/wp-json\/wp\/v2\/comments?post=3482"}],"version-history":[{"count":0,"href":"https:\/\/www.familyandkidsdentalpueblo.com\/es\/wp-json\/wp\/v2\/pages\/3482\/revisions"}],"up":[{"embeddable":true,"href":"https:\/\/www.familyandkidsdentalpueblo.com\/es\/wp-json\/wp\/v2\/pages\/3300"}],"wp:featuredmedia":[{"embeddable":true,"href":"https:\/\/www.familyandkidsdentalpueblo.com\/es\/wp-json\/wp\/v2\/media\/3638"}],"wp:attachment":[{"href":"https:\/\/www.familyandkidsdentalpueblo.com\/es\/wp-json\/wp\/v2\/media?parent=3482"}],"curies":[{"name":"wp","href":"https:\/\/api.w.org\/{rel}","templated":true}]}}